{"id":285,"date":"2025-12-29T00:21:52","date_gmt":"2025-12-29T00:21:52","guid":{"rendered":"https:\/\/mimaearth.com\/?post_type=product&#038;p=285"},"modified":"2025-12-29T00:24:14","modified_gmt":"2025-12-29T00:24:14","slug":"winter","status":"publish","type":"product","link":"https:\/\/mimaearth.com\/?product=winter","title":{"rendered":"winter"},"content":{"rendered":"<p>Pa\u00f1al unitalla, se ajusta de 1- 36 meses de edad, su interior de velour bamb\u00fa protege la delicada piel de tu beb\u00e9, puedes elegir la versi\u00f3n b\u00e1sica con solo un absorbente o la premium, que contiene dos absorbentes.<\/p>\n","protected":false},"excerpt":{"rendered":"<p>Pa\u00f1al unitalla, se ajusta de 1- 36 meses de edad, su interior de velour bamb\u00fa protege la delicada piel de tu beb\u00e9, puedes elegir la versi\u00f3n b\u00e1sica con solo un absorbente o la premium, que contiene dos absorbentes.<\/p>\n","protected":false},"featured_media":288,"comment_status":"open","ping_status":"closed","template":"","meta":[],"product_brand":[],"product_cat":[22],"product_tag":[],"class_list":{"0":"post-285","1":"product","2":"type-product","3":"status-publish","4":"has-post-thumbnail","6":"product_cat-panales-estampados","8":"first","9":"instock","10":"shipping-taxable","11":"purchasable","12":"product-type-variable"},"wc_booster_product_categories":[{"id":22,"name":"pa\u00f1ales estampados"}],"wc_booster_product_price":"<span class=\"woocommerce-Price-amount amount\" aria-hidden=\"true\"><bdi><span class=\"woocommerce-Price-currencySymbol\">&#36;<\/span>279.00<\/bdi><\/span> <span aria-hidden=\"true\">-<\/span> <span class=\"woocommerce-Price-amount amount\" aria-hidden=\"true\"><bdi><span class=\"woocommerce-Price-currencySymbol\">&#36;<\/span>420.00<\/bdi><\/span><span class=\"screen-reader-text\">Rango de precios: desde &#36;279.00 hasta &#36;420.00<\/span>","wc_booster_product_rating":"","wc_booster_product_banner_img":false,"wc_booster_product_reviews":[],"wc_booster_product_stock_data":{"manage_stock":true,"total_stock":10,"sold_stock":0},"jetpack_sharing_enabled":true,"_links":{"self":[{"href":"https:\/\/mimaearth.com\/index.php?rest_route=\/wp\/v2\/product\/285","targetHints":{"allow":["GET"]}}],"collection":[{"href":"https:\/\/mimaearth.com\/index.php?rest_route=\/wp\/v2\/product"}],"about":[{"href":"https:\/\/mimaearth.com\/index.php?rest_route=\/wp\/v2\/types\/product"}],"replies":[{"embeddable":true,"href":"https:\/\/mimaearth.com\/index.php?rest_route=%2Fwp%2Fv2%2Fcomments&post=285"}],"wp:featuredmedia":[{"embeddable":true,"href":"https:\/\/mimaearth.com\/index.php?rest_route=\/wp\/v2\/media\/288"}],"wp:attachment":[{"href":"https:\/\/mimaearth.com\/index.php?rest_route=%2Fwp%2Fv2%2Fmedia&parent=285"}],"wp:term":[{"taxonomy":"product_brand","embeddable":true,"href":"https:\/\/mimaearth.com\/index.php?rest_route=%2Fwp%2Fv2%2Fproduct_brand&post=285"},{"taxonomy":"product_cat","embeddable":true,"href":"https:\/\/mimaearth.com\/index.php?rest_route=%2Fwp%2Fv2%2Fproduct_cat&post=285"},{"taxonomy":"product_tag","embeddable":true,"href":"https:\/\/mimaearth.com\/index.php?rest_route=%2Fwp%2Fv2%2Fproduct_tag&post=285"}],"curies":[{"name":"wp","href":"https:\/\/api.w.org\/{rel}","templated":true}]}}