{"id":295,"date":"2026-01-07T16:06:31","date_gmt":"2026-01-07T16:06:31","guid":{"rendered":"https:\/\/mimaearth.com\/?page_id=295"},"modified":"2026-01-07T16:06:31","modified_gmt":"2026-01-07T16:06:31","slug":"nosotros","status":"publish","type":"page","link":"https:\/\/mimaearth.com\/?page_id=295","title":{"rendered":"Nosotros"},"content":{"rendered":"\n<p>Somos una empresa 100% mexicana, establecida en el estado de Hidalgo desde el a\u00f1o 2018.<\/p>\n\n\n\n<p>Hemos buscado la forma de crear pa\u00f1ales que s\u00ed sean amigables con la piel de tu beb\u00e9. Mima surge al tener dos beb\u00e9s con dermatitis at\u00f3pica, como consecuencia de buscar pa\u00f1ales sin telas sint\u00e9ticas, como el stay dry, que a\u00fan da\u00f1aba sus sensibles pieles, adem\u00e1s de que los pa\u00f1ales tradicionales dejaban marcas en sus piernitas, por lo cual decidimos dejar de buscar y crear nuestro patr\u00f3n con telas sin blanquear, de fibras naturales y que no generen toneladas de basura.<\/p>\n","protected":false},"excerpt":{"rendered":"<p>Somos una empresa 100% mexicana, establecida en el estado de Hidalgo desde el a\u00f1o 2018. Hemos buscado la forma de crear pa\u00f1ales que s\u00ed sean amigables con la piel de tu beb\u00e9. Mima surge al tener dos beb\u00e9s con dermatitis at\u00f3pica, como consecuencia de buscar pa\u00f1ales sin telas sint\u00e9ticas, como el stay dry, que a\u00fan [&hellip;]<\/p>\n","protected":false},"author":1,"featured_media":0,"parent":0,"menu_order":0,"comment_status":"closed","ping_status":"closed","template":"","meta":{"footnotes":""},"class_list":["post-295","page","type-page","status-publish","hentry"],"jetpack_sharing_enabled":true,"_links":{"self":[{"href":"https:\/\/mimaearth.com\/index.php?rest_route=\/wp\/v2\/pages\/295","targetHints":{"allow":["GET"]}}],"collection":[{"href":"https:\/\/mimaearth.com\/index.php?rest_route=\/wp\/v2\/pages"}],"about":[{"href":"https:\/\/mimaearth.com\/index.php?rest_route=\/wp\/v2\/types\/page"}],"author":[{"embeddable":true,"href":"https:\/\/mimaearth.com\/index.php?rest_route=\/wp\/v2\/users\/1"}],"replies":[{"embeddable":true,"href":"https:\/\/mimaearth.com\/index.php?rest_route=%2Fwp%2Fv2%2Fcomments&post=295"}],"version-history":[{"count":1,"href":"https:\/\/mimaearth.com\/index.php?rest_route=\/wp\/v2\/pages\/295\/revisions"}],"predecessor-version":[{"id":296,"href":"https:\/\/mimaearth.com\/index.php?rest_route=\/wp\/v2\/pages\/295\/revisions\/296"}],"wp:attachment":[{"href":"https:\/\/mimaearth.com\/index.php?rest_route=%2Fwp%2Fv2%2Fmedia&parent=295"}],"curies":[{"name":"wp","href":"https:\/\/api.w.org\/{rel}","templated":true}]}}